{"id":247,"date":"2020-03-12T12:14:51","date_gmt":"2020-03-12T15:14:51","guid":{"rendered":"http:\/\/localhost\/wordpress\/?page_id=247"},"modified":"2020-03-19T16:53:03","modified_gmt":"2020-03-19T19:53:03","slug":"nossas-obras","status":"publish","type":"page","link":"https:\/\/mundomixconcreto.com.br\/index.php\/nossas-obras\/","title":{"rendered":"Nossas Obras"},"content":{"rendered":"<p>[et_pb_section fb_built=&#8221;1&#8243; admin_label=&#8221;Hero&#8221; _builder_version=&#8221;4.2.2&#8243; use_background_color_gradient=&#8221;on&#8221; background_color_gradient_start=&#8221;rgba(40,40,40,0.79)&#8221; background_color_gradient_end=&#8221;rgba(40,40,40,0.86)&#8221; background_color_gradient_type=&#8221;radial&#8221; background_color_gradient_direction_radial=&#8221;top left&#8221; background_color_gradient_overlays_image=&#8221;on&#8221; background_image=&#8221;https:\/\/mundomixconcreto.com.br\/wp-content\/uploads\/2020\/03\/mundomix11-1.jpeg&#8221; custom_margin=&#8221;||||false&#8221; custom_padding=&#8221;10vw||10vw||true|false&#8221; hover_enabled=&#8221;0&#8243;][et_pb_row column_structure=&#8221;2_3,1_3&#8243; _builder_version=&#8221;4.2.2&#8243; filter_hue_rotate=&#8221;114deg&#8221; filter_saturate=&#8221;105%&#8221;][et_pb_column type=&#8221;2_3&#8243; _builder_version=&#8221;3.25&#8243; custom_padding=&#8221;|||&#8221; custom_padding__hover=&#8221;|||&#8221;][et_pb_text _builder_version=&#8221;3.27.4&#8243; text_font=&#8221;||||||||&#8221; header_font=&#8221;Rubik|700|||||||&#8221; header_font_size=&#8221;64px&#8221; header_line_height=&#8221;1.1em&#8221; background_layout=&#8221;dark&#8221; max_width=&#8221;800px&#8221; custom_margin=&#8221;||0px|&#8221; custom_padding=&#8221;|||16px&#8221; text_font_size_tablet=&#8221;14px&#8221; text_font_size_last_edited=&#8221;off|desktop&#8221; header_font_size_tablet=&#8221;44px&#8221; header_font_size_phone=&#8221;32px&#8221; header_font_size_last_edited=&#8221;on|phone&#8221; border_color_all=&#8221;#ffb400&#8243; border_width_left=&#8221;10px&#8221;]<\/p>\n<h1>NOSSAS OBRAS<\/h1>\n<p>[\/et_pb_text][et_pb_text _builder_version=&#8221;3.27.4&#8243; text_font=&#8221;||||||||&#8221; text_font_size=&#8221;22px&#8221; text_line_height=&#8221;1.6em&#8221; header_font=&#8221;||||||||&#8221; background_layout=&#8221;dark&#8221; max_width=&#8221;800px&#8221; custom_margin=&#8221;|||&#8221; custom_padding=&#8221;20px||20px||true&#8221; text_font_size_tablet=&#8221;18px&#8221; text_font_size_phone=&#8221;&#8221; text_font_size_last_edited=&#8221;on|phone&#8221;]<\/p>\n<p>Somos uma empresa especializada em Concretagem para a Constru\u00e7\u00e3o Civil e estamos localizados no interior sergipano. Conhe\u00e7a algumas das obras em que j\u00e1 contribu\u00edmos.<\/p>\n<p>[\/et_pb_text][\/et_pb_column][et_pb_column type=&#8221;1_3&#8243; _builder_version=&#8221;3.25&#8243; custom_padding=&#8221;|||&#8221; custom_padding__hover=&#8221;|||&#8221;][\/et_pb_column][\/et_pb_row][\/et_pb_section][et_pb_section fb_built=&#8221;1&#8243; _builder_version=&#8221;4.2.2&#8243;][et_pb_row _builder_version=&#8221;4.2.2&#8243;][et_pb_column type=&#8221;4_4&#8243; _builder_version=&#8221;4.2.2&#8243;][et_pb_text _builder_version=&#8221;4.2.2&#8243; text_font=&#8221;||||||||&#8221; header_font=&#8221;||||||||&#8221; header_2_font=&#8221;Rubik|700|||||||&#8221; header_2_font_size=&#8221;60px&#8221; header_2_line_height=&#8221;1.2em&#8221; text_orientation=&#8221;center&#8221; custom_margin=&#8221;||65px|||&#8221; custom_padding=&#8221;|||&#8221; header_2_font_size_tablet=&#8221;&#8221; header_2_font_size_phone=&#8221;36px&#8221; header_2_font_size_last_edited=&#8221;on|desktop&#8221; locked=&#8221;off&#8221;]<\/p>\n<h2>Est\u00e1 planejando uma obra? Conte com a gente!<\/h2>\n<h4> Confira abaixo alguns dos nossos \u00faltimos projetos. <\/p>\n<h4\/> [\/et_pb_text][et_pb_blog fullwidth=&#8221;off&#8221; posts_number=&#8221;3&#8243; include_categories=&#8221;all,9&#8243; show_pagination=&#8221;off&#8221; _builder_version=&#8221;4.2.2&#8243; header_font=&#8221;Rubik|700|||||||&#8221; header_line_height=&#8221;1.4em&#8221; body_font=&#8221;||||||||&#8221; body_line_height=&#8221;1.8em&#8221; meta_font=&#8221;Arimo||||||||&#8221; meta_text_color=&#8221;rgba(0,0,0,0.2)&#8221; meta_line_height=&#8221;1.8em&#8221; pagination_font=&#8221;Rubik||||||||&#8221; pagination_text_color=&#8221;#ffb400&#8243; pagination_font_size=&#8221;20px&#8221; custom_margin=&#8221;||46px|||&#8221; border_width_all=&#8221;0px&#8221; locked=&#8221;off&#8221;][\/et_pb_blog][et_pb_text _builder_version=&#8221;3.27.4&#8243; text_font=&#8221;||||||||&#8221; header_font=&#8221;||||||||&#8221; header_2_font=&#8221;Rubik|700|||||||&#8221; header_2_font_size=&#8221;60px&#8221; header_2_line_height=&#8221;1.2em&#8221; text_orientation=&#8221;center&#8221; custom_margin=&#8221;|||&#8221; custom_padding=&#8221;|||&#8221; header_2_font_size_tablet=&#8221;&#8221; header_2_font_size_phone=&#8221;36px&#8221; header_2_font_size_last_edited=&#8221;on|desktop&#8221; locked=&#8221;off&#8221;]<\/p>\n<h2>Outros projetos<\/h2>\n<p>[\/et_pb_text][\/et_pb_column][\/et_pb_row][et_pb_row column_structure=&#8221;1_3,1_3,1_3&#8243; use_custom_gutter=&#8221;on&#8221; _builder_version=&#8221;3.25&#8243; custom_margin=&#8221;|||&#8221;][et_pb_column type=&#8221;1_3&#8243; _builder_version=&#8221;3.25&#8243; custom_padding=&#8221;|||&#8221; custom_padding__hover=&#8221;|||&#8221;][et_pb_image src=&#8221;http:\/\/localhost\/wordpress\/wp-content\/uploads\/2020\/02\/FRAME-SITE1.jpg&#8221; show_in_lightbox=&#8221;on&#8221; force_fullwidth=&#8221;on&#8221; align_tablet=&#8221;center&#8221; align_phone=&#8221;&#8221; align_last_edited=&#8221;on|desktop&#8221; _builder_version=&#8221;4.2.2&#8243; custom_margin=&#8221;||30px|&#8221; box_shadow_style=&#8221;preset3&#8243; box_shadow_vertical=&#8221;30px&#8221; box_shadow_blur=&#8221;65px&#8221; box_shadow_spread=&#8221;-30px&#8221; box_shadow_color=&#8221;rgba(0,0,0,0.35)&#8221;][\/et_pb_image][et_pb_cta title=&#8221;Assa\u00ed Atacadista &#8211; Itabaiana&#8221; button_url=&#8221;#&#8221; _builder_version=&#8221;4.1&#8243; header_font=&#8221;Arimo|700|||||||&#8221; header_font_size=&#8221;16px&#8221; header_line_height=&#8221;1.2em&#8221; body_font=&#8221;||||||||&#8221; body_font_size=&#8221;15px&#8221; body_line_height=&#8221;1.8em&#8221; use_background_color=&#8221;off&#8221; custom_button=&#8221;on&#8221; button_text_size=&#8221;11px&#8221; button_text_color=&#8221;#666666&#8243; button_border_color=&#8221;#dfdfdf&#8221; button_border_radius=&#8221;0px&#8221; button_letter_spacing=&#8221;4px&#8221; button_font=&#8221;Rubik|700||on|||||&#8221; button_icon=&#8221;%%3%%&#8221; text_orientation=&#8221;left&#8221; background_layout=&#8221;light&#8221; custom_padding=&#8221;35px|35px|35px|35px|true|true&#8221; border_width_all=&#8221;1px&#8221; border_color_all=&#8221;rgba(0,0,0,0.12)&#8221; button_letter_spacing_hover=&#8221;4px&#8221; button_bg_color_hover=&#8221;rgba(0,0,0,0)&#8221; locked=&#8221;off&#8221; button_text_size__hover_enabled=&#8221;off&#8221; button_one_text_size__hover_enabled=&#8221;off&#8221; button_two_text_size__hover_enabled=&#8221;off&#8221; button_text_color__hover_enabled=&#8221;off&#8221; button_one_text_color__hover_enabled=&#8221;off&#8221; button_two_text_color__hover_enabled=&#8221;off&#8221; button_border_width__hover_enabled=&#8221;off&#8221; button_one_border_width__hover_enabled=&#8221;off&#8221; button_two_border_width__hover_enabled=&#8221;off&#8221; button_border_color__hover_enabled=&#8221;off&#8221; button_one_border_color__hover_enabled=&#8221;off&#8221; button_two_border_color__hover_enabled=&#8221;off&#8221; button_border_radius__hover_enabled=&#8221;off&#8221; button_one_border_radius__hover_enabled=&#8221;off&#8221; button_two_border_radius__hover_enabled=&#8221;off&#8221; button_letter_spacing__hover_enabled=&#8221;on&#8221; button_letter_spacing__hover=&#8221;4px&#8221; button_one_letter_spacing__hover_enabled=&#8221;off&#8221; button_two_letter_spacing__hover_enabled=&#8221;off&#8221; button_bg_color__hover_enabled=&#8221;on&#8221; button_bg_color__hover=&#8221;rgba(0,0,0,0)&#8221; button_one_bg_color__hover_enabled=&#8221;off&#8221; button_two_bg_color__hover_enabled=&#8221;off&#8221;][\/et_pb_cta][\/et_pb_column][et_pb_column type=&#8221;1_3&#8243; _builder_version=&#8221;3.25&#8243; custom_padding=&#8221;|||&#8221; custom_padding__hover=&#8221;|||&#8221;][et_pb_image src=&#8221;http:\/\/localhost\/wordpress\/wp-content\/uploads\/2020\/02\/FRAME-SITE3.jpg&#8221; force_fullwidth=&#8221;on&#8221; align_tablet=&#8221;center&#8221; align_phone=&#8221;&#8221; align_last_edited=&#8221;on|desktop&#8221; _builder_version=&#8221;4.2.2&#8243; custom_margin=&#8221;||30px|&#8221; box_shadow_style=&#8221;preset3&#8243; box_shadow_vertical=&#8221;30px&#8221; box_shadow_blur=&#8221;65px&#8221; box_shadow_spread=&#8221;-30px&#8221; box_shadow_color=&#8221;rgba(0,0,0,0.35)&#8221;][\/et_pb_image][et_pb_cta title=&#8221;Ex\u00e9rcito Brasileiro&#8221; button_url=&#8221;#&#8221; _builder_version=&#8221;4.1&#8243; header_font=&#8221;Arimo|700|||||||&#8221; header_font_size=&#8221;16px&#8221; header_line_height=&#8221;1.2em&#8221; body_font=&#8221;||||||||&#8221; body_font_size=&#8221;15px&#8221; body_line_height=&#8221;1.8em&#8221; use_background_color=&#8221;off&#8221; custom_button=&#8221;on&#8221; button_text_size=&#8221;11px&#8221; button_text_color=&#8221;#666666&#8243; button_border_color=&#8221;#dfdfdf&#8221; button_border_radius=&#8221;0px&#8221; button_letter_spacing=&#8221;4px&#8221; button_font=&#8221;Rubik|700||on|||||&#8221; button_icon=&#8221;%%3%%&#8221; text_orientation=&#8221;left&#8221; background_layout=&#8221;light&#8221; custom_padding=&#8221;35px|35px|35px|35px|true|true&#8221; border_width_all=&#8221;1px&#8221; border_color_all=&#8221;rgba(0,0,0,0.12)&#8221; button_letter_spacing_hover=&#8221;4px&#8221; button_bg_color_hover=&#8221;rgba(0,0,0,0)&#8221; locked=&#8221;off&#8221; button_text_size__hover_enabled=&#8221;off&#8221; button_one_text_size__hover_enabled=&#8221;off&#8221; button_two_text_size__hover_enabled=&#8221;off&#8221; button_text_color__hover_enabled=&#8221;off&#8221; button_one_text_color__hover_enabled=&#8221;off&#8221; button_two_text_color__hover_enabled=&#8221;off&#8221; button_border_width__hover_enabled=&#8221;off&#8221; button_one_border_width__hover_enabled=&#8221;off&#8221; button_two_border_width__hover_enabled=&#8221;off&#8221; button_border_color__hover_enabled=&#8221;off&#8221; button_one_border_color__hover_enabled=&#8221;off&#8221; button_two_border_color__hover_enabled=&#8221;off&#8221; button_border_radius__hover_enabled=&#8221;off&#8221; button_one_border_radius__hover_enabled=&#8221;off&#8221; button_two_border_radius__hover_enabled=&#8221;off&#8221; button_letter_spacing__hover_enabled=&#8221;on&#8221; button_letter_spacing__hover=&#8221;4px&#8221; button_one_letter_spacing__hover_enabled=&#8221;off&#8221; button_two_letter_spacing__hover_enabled=&#8221;off&#8221; button_bg_color__hover_enabled=&#8221;on&#8221; button_bg_color__hover=&#8221;rgba(0,0,0,0)&#8221; button_one_bg_color__hover_enabled=&#8221;off&#8221; button_two_bg_color__hover_enabled=&#8221;off&#8221;][\/et_pb_cta][\/et_pb_column][et_pb_column type=&#8221;1_3&#8243; _builder_version=&#8221;3.25&#8243; custom_padding=&#8221;|||&#8221; custom_padding__hover=&#8221;|||&#8221;][et_pb_image src=&#8221;http:\/\/localhost\/wordpress\/wp-content\/uploads\/2020\/02\/FRAME-SITE6.jpg&#8221; show_in_lightbox=&#8221;on&#8221; force_fullwidth=&#8221;on&#8221; align_tablet=&#8221;center&#8221; align_phone=&#8221;&#8221; align_last_edited=&#8221;on|desktop&#8221; _builder_version=&#8221;4.2.2&#8243; custom_margin=&#8221;||30px|&#8221; box_shadow_style=&#8221;preset3&#8243; box_shadow_vertical=&#8221;30px&#8221; box_shadow_blur=&#8221;65px&#8221; box_shadow_spread=&#8221;-30px&#8221; box_shadow_color=&#8221;rgba(0,0,0,0.35)&#8221;][\/et_pb_image][et_pb_cta title=&#8221;Shopping Peixoto&#8221; button_url=&#8221;#&#8221; _builder_version=&#8221;4.1&#8243; header_font=&#8221;Arimo|700|||||||&#8221; header_font_size=&#8221;16px&#8221; header_line_height=&#8221;1.2em&#8221; body_font=&#8221;||||||||&#8221; body_font_size=&#8221;15px&#8221; body_line_height=&#8221;1.8em&#8221; use_background_color=&#8221;off&#8221; custom_button=&#8221;on&#8221; button_text_size=&#8221;11px&#8221; button_text_color=&#8221;#666666&#8243; button_border_color=&#8221;#dfdfdf&#8221; button_border_radius=&#8221;0px&#8221; button_letter_spacing=&#8221;4px&#8221; button_font=&#8221;Rubik|700||on|||||&#8221; button_icon=&#8221;%%3%%&#8221; text_orientation=&#8221;left&#8221; background_layout=&#8221;light&#8221; custom_padding=&#8221;35px|35px|35px|35px|true|true&#8221; border_width_all=&#8221;1px&#8221; border_color_all=&#8221;rgba(0,0,0,0.12)&#8221; button_letter_spacing_hover=&#8221;4px&#8221; button_bg_color_hover=&#8221;rgba(0,0,0,0)&#8221; locked=&#8221;off&#8221; button_text_size__hover_enabled=&#8221;off&#8221; button_one_text_size__hover_enabled=&#8221;off&#8221; button_two_text_size__hover_enabled=&#8221;off&#8221; button_text_color__hover_enabled=&#8221;off&#8221; button_one_text_color__hover_enabled=&#8221;off&#8221; button_two_text_color__hover_enabled=&#8221;off&#8221; button_border_width__hover_enabled=&#8221;off&#8221; button_one_border_width__hover_enabled=&#8221;off&#8221; button_two_border_width__hover_enabled=&#8221;off&#8221; button_border_color__hover_enabled=&#8221;off&#8221; button_one_border_color__hover_enabled=&#8221;off&#8221; button_two_border_color__hover_enabled=&#8221;off&#8221; button_border_radius__hover_enabled=&#8221;off&#8221; button_one_border_radius__hover_enabled=&#8221;off&#8221; button_two_border_radius__hover_enabled=&#8221;off&#8221; button_letter_spacing__hover_enabled=&#8221;on&#8221; button_letter_spacing__hover=&#8221;4px&#8221; button_one_letter_spacing__hover_enabled=&#8221;off&#8221; button_two_letter_spacing__hover_enabled=&#8221;off&#8221; button_bg_color__hover_enabled=&#8221;on&#8221; button_bg_color__hover=&#8221;rgba(0,0,0,0)&#8221; button_one_bg_color__hover_enabled=&#8221;off&#8221; button_two_bg_color__hover_enabled=&#8221;off&#8221;][\/et_pb_cta][\/et_pb_column][\/et_pb_row][et_pb_row column_structure=&#8221;1_3,1_3,1_3&#8243; use_custom_gutter=&#8221;on&#8221; _builder_version=&#8221;3.25&#8243; custom_margin=&#8221;|||&#8221;][et_pb_column type=&#8221;1_3&#8243; _builder_version=&#8221;3.25&#8243; custom_padding=&#8221;|||&#8221; custom_padding__hover=&#8221;|||&#8221;][et_pb_image src=&#8221;http:\/\/localhost\/wordpress\/wp-content\/uploads\/2020\/02\/FRAME-SITE4.jpg&#8221; show_in_lightbox=&#8221;on&#8221; force_fullwidth=&#8221;on&#8221; align_tablet=&#8221;center&#8221; align_phone=&#8221;&#8221; align_last_edited=&#8221;on|desktop&#8221; _builder_version=&#8221;4.2.2&#8243; custom_margin=&#8221;||30px|&#8221; box_shadow_style=&#8221;preset3&#8243; box_shadow_vertical=&#8221;30px&#8221; box_shadow_blur=&#8221;65px&#8221; box_shadow_spread=&#8221;-30px&#8221; box_shadow_color=&#8221;rgba(0,0,0,0.35)&#8221;][\/et_pb_image][et_pb_cta title=&#8221;Kael Constru\u00e7\u00f5es &#8211; Posto de Gasolina&#8221; button_url=&#8221;#&#8221; _builder_version=&#8221;4.1&#8243; header_font=&#8221;Arimo|700|||||||&#8221; header_font_size=&#8221;16px&#8221; header_line_height=&#8221;1.2em&#8221; body_font=&#8221;||||||||&#8221; body_font_size=&#8221;15px&#8221; body_line_height=&#8221;1.8em&#8221; use_background_color=&#8221;off&#8221; custom_button=&#8221;on&#8221; button_text_size=&#8221;11px&#8221; button_text_color=&#8221;#666666&#8243; button_border_color=&#8221;#dfdfdf&#8221; button_border_radius=&#8221;0px&#8221; button_letter_spacing=&#8221;4px&#8221; button_font=&#8221;Rubik|700||on|||||&#8221; button_icon=&#8221;%%3%%&#8221; text_orientation=&#8221;left&#8221; background_layout=&#8221;light&#8221; custom_padding=&#8221;35px|35px|35px|35px|true|true&#8221; border_width_all=&#8221;1px&#8221; border_color_all=&#8221;rgba(0,0,0,0.12)&#8221; button_letter_spacing_hover=&#8221;4px&#8221; button_bg_color_hover=&#8221;rgba(0,0,0,0)&#8221; locked=&#8221;off&#8221; button_text_size__hover_enabled=&#8221;off&#8221; button_one_text_size__hover_enabled=&#8221;off&#8221; button_two_text_size__hover_enabled=&#8221;off&#8221; button_text_color__hover_enabled=&#8221;off&#8221; button_one_text_color__hover_enabled=&#8221;off&#8221; button_two_text_color__hover_enabled=&#8221;off&#8221; button_border_width__hover_enabled=&#8221;off&#8221; button_one_border_width__hover_enabled=&#8221;off&#8221; button_two_border_width__hover_enabled=&#8221;off&#8221; button_border_color__hover_enabled=&#8221;off&#8221; button_one_border_color__hover_enabled=&#8221;off&#8221; button_two_border_color__hover_enabled=&#8221;off&#8221; button_border_radius__hover_enabled=&#8221;off&#8221; button_one_border_radius__hover_enabled=&#8221;off&#8221; button_two_border_radius__hover_enabled=&#8221;off&#8221; button_letter_spacing__hover_enabled=&#8221;on&#8221; button_letter_spacing__hover=&#8221;4px&#8221; button_one_letter_spacing__hover_enabled=&#8221;off&#8221; button_two_letter_spacing__hover_enabled=&#8221;off&#8221; button_bg_color__hover_enabled=&#8221;on&#8221; button_bg_color__hover=&#8221;rgba(0,0,0,0)&#8221; button_one_bg_color__hover_enabled=&#8221;off&#8221; button_two_bg_color__hover_enabled=&#8221;off&#8221;][\/et_pb_cta][\/et_pb_column][et_pb_column type=&#8221;1_3&#8243; _builder_version=&#8221;3.25&#8243; custom_padding=&#8221;|||&#8221; custom_padding__hover=&#8221;|||&#8221;][et_pb_image src=&#8221;http:\/\/localhost\/wordpress\/wp-content\/uploads\/2020\/02\/FRAME-SITE5.jpg&#8221; show_in_lightbox=&#8221;on&#8221; force_fullwidth=&#8221;on&#8221; align_tablet=&#8221;center&#8221; align_phone=&#8221;&#8221; align_last_edited=&#8221;on|desktop&#8221; _builder_version=&#8221;4.2.2&#8243; custom_margin=&#8221;||30px|&#8221; box_shadow_style=&#8221;preset3&#8243; box_shadow_vertical=&#8221;30px&#8221; box_shadow_blur=&#8221;65px&#8221; box_shadow_spread=&#8221;-30px&#8221; box_shadow_color=&#8221;rgba(0,0,0,0.35)&#8221;][\/et_pb_image][et_pb_cta title=&#8221;Sest Senat Itabaiana &#8211; Akon Engenharia&#8221; button_url=&#8221;#&#8221; _builder_version=&#8221;4.1&#8243; header_font=&#8221;Arimo|700|||||||&#8221; header_font_size=&#8221;16px&#8221; header_line_height=&#8221;1.2em&#8221; body_font=&#8221;||||||||&#8221; body_font_size=&#8221;15px&#8221; body_line_height=&#8221;1.8em&#8221; use_background_color=&#8221;off&#8221; custom_button=&#8221;on&#8221; button_text_size=&#8221;11px&#8221; button_text_color=&#8221;#666666&#8243; button_border_color=&#8221;#dfdfdf&#8221; button_border_radius=&#8221;0px&#8221; button_letter_spacing=&#8221;4px&#8221; button_font=&#8221;Rubik|700||on|||||&#8221; button_icon=&#8221;%%3%%&#8221; text_orientation=&#8221;left&#8221; background_layout=&#8221;light&#8221; custom_padding=&#8221;35px|35px|35px|35px|true|true&#8221; border_width_all=&#8221;1px&#8221; border_color_all=&#8221;rgba(0,0,0,0.12)&#8221; button_letter_spacing_hover=&#8221;4px&#8221; button_bg_color_hover=&#8221;rgba(0,0,0,0)&#8221; locked=&#8221;off&#8221; button_text_size__hover_enabled=&#8221;off&#8221; button_one_text_size__hover_enabled=&#8221;off&#8221; button_two_text_size__hover_enabled=&#8221;off&#8221; button_text_color__hover_enabled=&#8221;off&#8221; button_one_text_color__hover_enabled=&#8221;off&#8221; button_two_text_color__hover_enabled=&#8221;off&#8221; button_border_width__hover_enabled=&#8221;off&#8221; button_one_border_width__hover_enabled=&#8221;off&#8221; button_two_border_width__hover_enabled=&#8221;off&#8221; button_border_color__hover_enabled=&#8221;off&#8221; button_one_border_color__hover_enabled=&#8221;off&#8221; button_two_border_color__hover_enabled=&#8221;off&#8221; button_border_radius__hover_enabled=&#8221;off&#8221; button_one_border_radius__hover_enabled=&#8221;off&#8221; button_two_border_radius__hover_enabled=&#8221;off&#8221; button_letter_spacing__hover_enabled=&#8221;on&#8221; button_letter_spacing__hover=&#8221;4px&#8221; button_one_letter_spacing__hover_enabled=&#8221;off&#8221; button_two_letter_spacing__hover_enabled=&#8221;off&#8221; button_bg_color__hover_enabled=&#8221;on&#8221; button_bg_color__hover=&#8221;rgba(0,0,0,0)&#8221; button_one_bg_color__hover_enabled=&#8221;off&#8221; button_two_bg_color__hover_enabled=&#8221;off&#8221;][\/et_pb_cta][\/et_pb_column][et_pb_column type=&#8221;1_3&#8243; _builder_version=&#8221;3.25&#8243; custom_padding=&#8221;|||&#8221; custom_padding__hover=&#8221;|||&#8221;][et_pb_image src=&#8221;http:\/\/localhost\/wordpress\/wp-content\/uploads\/2020\/02\/FRAME-SITE2.jpg&#8221; show_in_lightbox=&#8221;on&#8221; force_fullwidth=&#8221;on&#8221; align_tablet=&#8221;center&#8221; align_phone=&#8221;&#8221; align_last_edited=&#8221;on|desktop&#8221; _builder_version=&#8221;4.2.2&#8243; custom_margin=&#8221;||30px|&#8221; box_shadow_style=&#8221;preset3&#8243; box_shadow_vertical=&#8221;30px&#8221; box_shadow_blur=&#8221;65px&#8221; box_shadow_spread=&#8221;-30px&#8221; box_shadow_color=&#8221;rgba(0,0,0,0.35)&#8221;][\/et_pb_image][et_pb_cta title=&#8221;Centro Integrado de Sa\u00fade (CIS) Itabaiana&#8221; button_url=&#8221;#&#8221; _builder_version=&#8221;4.2.2&#8243; header_font=&#8221;Arimo|700|||||||&#8221; header_font_size=&#8221;16px&#8221; header_line_height=&#8221;1.2em&#8221; body_font=&#8221;||||||||&#8221; body_font_size=&#8221;15px&#8221; body_line_height=&#8221;1.8em&#8221; use_background_color=&#8221;off&#8221; custom_button=&#8221;on&#8221; button_text_size=&#8221;11px&#8221; button_text_color=&#8221;#666666&#8243; button_border_color=&#8221;#dfdfdf&#8221; button_border_radius=&#8221;0px&#8221; button_letter_spacing=&#8221;4px&#8221; button_font=&#8221;Rubik|700||on|||||&#8221; button_icon=&#8221;%%3%%&#8221; text_orientation=&#8221;left&#8221; background_layout=&#8221;light&#8221; custom_padding=&#8221;35px|35px|35px|35px|true|true&#8221; border_width_all=&#8221;1px&#8221; border_color_all=&#8221;rgba(0,0,0,0.12)&#8221; button_letter_spacing_hover=&#8221;4px&#8221; button_bg_color_hover=&#8221;rgba(0,0,0,0)&#8221; locked=&#8221;off&#8221; button_text_size__hover_enabled=&#8221;off&#8221; button_one_text_size__hover_enabled=&#8221;off&#8221; button_two_text_size__hover_enabled=&#8221;off&#8221; button_text_color__hover_enabled=&#8221;off&#8221; button_one_text_color__hover_enabled=&#8221;off&#8221; button_two_text_color__hover_enabled=&#8221;off&#8221; button_border_width__hover_enabled=&#8221;off&#8221; button_one_border_width__hover_enabled=&#8221;off&#8221; button_two_border_width__hover_enabled=&#8221;off&#8221; button_border_color__hover_enabled=&#8221;off&#8221; button_one_border_color__hover_enabled=&#8221;off&#8221; button_two_border_color__hover_enabled=&#8221;off&#8221; button_border_radius__hover_enabled=&#8221;off&#8221; button_one_border_radius__hover_enabled=&#8221;off&#8221; button_two_border_radius__hover_enabled=&#8221;off&#8221; button_letter_spacing__hover_enabled=&#8221;on&#8221; button_letter_spacing__hover=&#8221;4px&#8221; button_one_letter_spacing__hover_enabled=&#8221;off&#8221; button_two_letter_spacing__hover_enabled=&#8221;off&#8221; button_bg_color__hover_enabled=&#8221;on&#8221; button_bg_color__hover=&#8221;rgba(0,0,0,0)&#8221; button_one_bg_color__hover_enabled=&#8221;off&#8221; button_two_bg_color__hover_enabled=&#8221;off&#8221;][\/et_pb_cta][\/et_pb_column][\/et_pb_row][\/et_pb_section]<\/p>\n","protected":false},"excerpt":{"rendered":"<p>NOSSAS OBRASSomos uma empresa especializada em Concretagem para a Constru\u00e7\u00e3o Civil e estamos localizados no interior sergipano. Conhe\u00e7a algumas das obras em que j\u00e1 contribu\u00edmos.Est\u00e1 planejando uma obra? Conte com a gente! Confira abaixo alguns dos nossos \u00faltimos projetos. Outros projetos<\/p>\n","protected":false},"author":1,"featured_media":0,"parent":0,"menu_order":0,"comment_status":"closed","ping_status":"closed","template":"","meta":{"_et_pb_use_builder":"on","_et_pb_old_content":"","_et_gb_content_width":""},"_links":{"self":[{"href":"https:\/\/mundomixconcreto.com.br\/index.php\/wp-json\/wp\/v2\/pages\/247"}],"collection":[{"href":"https:\/\/mundomixconcreto.com.br\/index.php\/wp-json\/wp\/v2\/pages"}],"about":[{"href":"https:\/\/mundomixconcreto.com.br\/index.php\/wp-json\/wp\/v2\/types\/page"}],"author":[{"embeddable":true,"href":"https:\/\/mundomixconcreto.com.br\/index.php\/wp-json\/wp\/v2\/users\/1"}],"replies":[{"embeddable":true,"href":"https:\/\/mundomixconcreto.com.br\/index.php\/wp-json\/wp\/v2\/comments?post=247"}],"version-history":[{"count":28,"href":"https:\/\/mundomixconcreto.com.br\/index.php\/wp-json\/wp\/v2\/pages\/247\/revisions"}],"predecessor-version":[{"id":436,"href":"https:\/\/mundomixconcreto.com.br\/index.php\/wp-json\/wp\/v2\/pages\/247\/revisions\/436"}],"wp:attachment":[{"href":"https:\/\/mundomixconcreto.com.br\/index.php\/wp-json\/wp\/v2\/media?parent=247"}],"curies":[{"name":"wp","href":"https:\/\/api.w.org\/{rel}","templated":true}]}}